{"id":497,"date":"2025-06-25T14:09:15","date_gmt":"2025-06-25T14:09:15","guid":{"rendered":"https:\/\/kensawo75.com\/impressum\/"},"modified":"2025-10-16T08:06:11","modified_gmt":"2025-10-16T08:06:11","slug":"impressum","status":"publish","type":"page","link":"https:\/\/kensawo-75.com\/de\/impressum\/","title":{"rendered":"Impressum"},"content":{"rendered":"\t\t<div data-elementor-type=\"wp-page\" data-elementor-id=\"497\" class=\"elementor elementor-497 elementor-281\">\n\t\t\t\t<div class=\"elementor-element elementor-element-ae9b772 e-flex e-con-boxed e-con e-parent\" data-id=\"ae9b772\" data-element_type=\"container\" data-settings=\"{&quot;jet_parallax_layout_list&quot;:[]}\">\n\t\t\t\t\t<div class=\"e-con-inner\">\n\t\t\t\t<div class=\"elementor-element elementor-element-93456ba elementor-widget elementor-widget-heading\" data-id=\"93456ba\" data-element_type=\"widget\" data-widget_type=\"heading.default\">\n\t\t\t\t<div class=\"elementor-widget-container\">\n\t\t\t\t\t<h1 class=\"elementor-heading-title elementor-size-default\">Impressum<\/h1>\t\t\t\t<\/div>\n\t\t\t\t<\/div>\n\t\t\t\t<div class=\"elementor-element elementor-element-fbc9f54 elementor-widget elementor-widget-text-editor\" data-id=\"fbc9f54\" data-element_type=\"widget\" data-widget_type=\"text-editor.default\">\n\t\t\t\t<div class=\"elementor-widget-container\">\n\t\t\t\t\t\t\t\t\t<p><strong>ALLGEMEINE INFORMATIONEN<\/strong><br>Gem\u00e4\u00df Artikel 10 des Gesetzes 34\/2002 vom 11. Juli \u00fcber die Dienste der Informationsgesellschaft und den elektronischen Gesch\u00e4ftsverkehr informieren wir Sie, dass diese Website Eigentum von:<\/p><p>Inhaber: Kensawo 75<br>Adresse: C\/ Grup Sant Pau, 58 43850 &#8211; (Cambrils) &#8211; Tarragona<br>E-Mail: info@kensawo75.com<br>Website: kensawo75.com<\/p><p>Diese Website bietet allgemeine Informationen zu Beratungsdienstleistungen in den Bereichen Immobilien- und Verm\u00f6genstransaktionen, digitales Marketing, Marktforschung f\u00fcr Investitionsm\u00f6glichkeiten und Unterst\u00fctzung bei der Gr\u00fcndung kleiner und mittlerer Unternehmen.<\/p><p>Ihr Hauptziel ist es, Kunden und der breiten \u00d6ffentlichkeit n\u00fctzliche und transparente Informationen \u00fcber das Unternehmen, seine Dienstleistungen und seine Fachgebiete zu bieten.<\/p><p><strong>DATENSCHUTZRICHTLINIE<\/strong><br>In \u00dcbereinstimmung mit dem Organgesetz 15\/1999 vom 13. Dezember \u00fcber den Schutz personenbezogener Daten (LOPD) informieren wir die Benutzer, dass alle angegebenen pers\u00f6nlichen Daten in einer Datei gespeichert werden, die unter der Verantwortung von Kensawo 75 verwaltet wird.<\/p><p>Wir verpflichten uns, die Vertraulichkeit Ihrer pers\u00f6nlichen Daten zu wahren, die nur zur Verwaltung der von uns angebotenen Dienstleistungen, zur Beantwortung Ihrer Anfragen, zur Durchf\u00fchrung administrativer Aufgaben und zum Versenden von technischen, kommerziellen oder Werbeinformationen \u00fcber Standard- oder elektronische Mittel verwendet werden.<\/p><p>Um Ihre Rechte auf Zugang, Berichtigung, L\u00f6schung oder Widerspruch auszu\u00fcben, k\u00f6nnen Sie uns unter folgender Adresse kontaktieren: info@kensawo75.com oder rufen Sie uns unter +34 607 15 84 20 \/ +44 79 0045 9768 an.<\/p><p>Weitere Informationen finden Sie auf unserer Seite mit den Datenschutzbestimmungen.<\/p><p><strong>NUTZUNGSBEDINGUNGEN<\/strong><br>Durch den Zugriff auf diese Website erkl\u00e4rt sich der Benutzer damit einverstanden, die hierin dargelegten Bedingungen sowie alle anwendbaren gesetzlichen Bestimmungen einzuhalten.<\/p><p>Der Zugriff auf und die Nutzung dieser Website unterliegen der geltenden Gesetzgebung und dem Grundsatz von Treu und Glauben. Die Benutzer erkl\u00e4ren sich damit einverstanden, die bereitgestellten Inhalte ordnungsgem\u00e4\u00df zu nutzen. Handlungen, die gegen das Gesetz versto\u00dfen, die Rechte Dritter verletzen oder dem \u00f6ffentlichen Interesse zuwiderlaufen, sind strengstens untersagt.  <\/p><p>Die Nutzung dieser Website setzt voraus, dass der Benutzer diese Bedingungen gelesen und akzeptiert hat. Wenn Sie mit einer dieser Bedingungen nicht einverstanden sind, unterlassen Sie bitte die Nutzung der Website. <\/p><p>Alle Benachrichtigungen oder Anspr\u00fcche m\u00fcssen schriftlich erfolgen und per Einschreiben oder E-Mail versandt werden.<\/p><p><strong>VERANTWORTLICHKEITEN<\/strong><br>Kensawo 75 ist nicht verantwortlich f\u00fcr Inhalte oder Informationen, die von Dritten in Foren, sozialen Netzwerken oder anderen Plattformen au\u00dferhalb unserer Kontrolle ver\u00f6ffentlicht werden.<\/p><p>In \u00dcbereinstimmung mit den Artikeln 11 und 16 des LSSI-CE verpflichten wir uns jedoch, alle Inhalte zu entfernen oder zu sperren, die gegen nationale oder internationale Gesetze, die Rechte Dritter oder die \u00f6ffentliche Ordnung versto\u00dfen k\u00f6nnten.<\/p><p>Wir haften nicht f\u00fcr Sch\u00e4den, die durch Softwarefehler, Fehlkonfigurationen oder technische Probleme verursacht werden, die auf dem Ger\u00e4t des Benutzers auftreten. Wir garantieren auch keinen ununterbrochenen Zugriff auf die Website oder das Fehlen von Fehlern. <\/p><p>Wir behalten uns das Recht vor, Inhalte oder Konfigurationen auf dieser Website jederzeit ohne vorherige Ank\u00fcndigung zu aktualisieren, zu \u00e4ndern oder zu l\u00f6schen.<\/p><p>Alle auf unserer Website gezeigten Preise oder Angebote dienen nur als Referenz. Um einen aktuellen Preis oder ein aktuelles Angebot zu best\u00e4tigen, kontaktieren Sie uns bitte direkt unter: info@kensawo75.com <\/p><p><strong>GEISTIGES UND GEWERBLICHES EIGENTUM<\/strong><br>Kensawo 75 Enterprise besitzt alle Rechte an der Software der digitalen Ver\u00f6ffentlichung und am geistigen Eigentum in Bezug auf die Inhalte auf dieser Website, mit Ausnahme von Inhalten der Public Domain oder Gegenst\u00e4nden, die Dritten geh\u00f6ren.<\/p><p>Kein Material auf dieser Website darf ohne die vorherige schriftliche Zustimmung von Kensawo 75 Enterprise reproduziert, kopiert oder ver\u00f6ffentlicht werden.<\/p><p>Jegliches Feedback, Kommentare oder Vorschl\u00e4ge, die \u00fcber diese Website eingehen, gelten als freiwillig an Kensawo 75 Enterprise \u00fcbermittelt. \u00dcbermitteln Sie keine Informationen, die Sie vertraulich behandeln m\u00f6chten. <\/p><p>Alle Marken und Logos, die nicht Eigentum von Kensawo 75 Enterprise sind, werden als Eigentum ihrer jeweiligen Inhaber anerkannt. Diese werden auf der Website nur zu Informations- oder Werbezwecken angezeigt. Die Eigent\u00fcmer k\u00f6nnen \u00c4nderungen oder die Entfernung ihrer Inhalte beantragen.  <\/p><p><strong>ANWENDBARES RECHT UND GERICHTSSTAND<\/strong><br>Diese rechtlichen Bedingungen unterliegen spanischem Recht. Alle Rechtsstreitigkeiten im Zusammenhang mit der Website oder ihrer Aktivit\u00e4t werden von den Gerichten von Tarragona behandelt, wobei der Benutzer ausdr\u00fccklich auf jede andere anwendbare Gerichtsbarkeit verzichtet. <\/p><p><strong>COOKIE-RICHTLINIE<\/strong><br>Kensawo 75 kann, entweder direkt oder \u00fcber Dritte, die f\u00fcr Messdienstleistungen beauftragt wurden, Cookies w\u00e4hrend der Navigation des Benutzers auf der Website verwenden. Cookies sind Dateien, die an den Browser des Benutzers gesendet werden, um das Navigationsverhalten zu verfolgen und zu speichern. <\/p><p>Cookies sind anonym und liefern von sich aus keine pers\u00f6nlichen Daten. Sie helfen, die Navigation zu verbessern, Zielgruppen- und Traffic-Metriken zu messen und die Benutzererfahrung zu optimieren. <\/p><p>Benutzer k\u00f6nnen ihre Browser so konfigurieren, dass sie Cookie-Benachrichtigungen erhalten oder diese ganz blockieren. Weitere Informationen finden Sie im Handbuch Ihres Browsers. <\/p><p>Die Website bleibt auch ohne Cookies funktionsf\u00e4hig, obwohl der Zugriff auf bestimmte Dienste m\u00f6glicherweise eine Benutzeranmeldung erfordert.<\/p><p>Die auf dieser Website verwendeten Cookies sind tempor\u00e4r und dienen ausschlie\u00dflich der Verbesserung der zuk\u00fcnftigen Kommunikation. Unter keinen Umst\u00e4nden werden Cookies verwendet, um pers\u00f6nliche Daten zu sammeln. <\/p>\t\t\t\t\t\t\t\t<\/div>\n\t\t\t\t<\/div>\n\t\t\t\t\t<\/div>\n\t\t\t\t<\/div>\n\t\t\t\t<\/div>\n\t\t","protected":false},"excerpt":{"rendered":"<p>Impressum ALLGEMEINE INFORMATIONENGem\u00e4\u00df Artikel 10 des Gesetzes 34\/2002 vom 11. Juli \u00fcber die Dienste der Informationsgesellschaft und den elektronischen Gesch\u00e4ftsverkehr informieren wir Sie, dass diese Website Eigentum von: Inhaber: Kensawo 75Adresse: C\/ Grup Sant Pau, 58 43850 &#8211; (Cambrils) &#8211; TarragonaE-Mail: info@kensawo75.comWebsite: kensawo75.com Diese Website bietet allgemeine Informationen zu Beratungsdienstleistungen in den Bereichen Immobilien- und [&hellip;]<\/p>\n","protected":false},"author":1,"featured_media":0,"parent":0,"menu_order":0,"comment_status":"closed","ping_status":"closed","template":"","meta":{"footnotes":""},"class_list":["post-497","page","type-page","status-publish","hentry"],"_links":{"self":[{"href":"https:\/\/kensawo-75.com\/de\/wp-json\/wp\/v2\/pages\/497","targetHints":{"allow":["GET"]}}],"collection":[{"href":"https:\/\/kensawo-75.com\/de\/wp-json\/wp\/v2\/pages"}],"about":[{"href":"https:\/\/kensawo-75.com\/de\/wp-json\/wp\/v2\/types\/page"}],"author":[{"embeddable":true,"href":"https:\/\/kensawo-75.com\/de\/wp-json\/wp\/v2\/users\/1"}],"replies":[{"embeddable":true,"href":"https:\/\/kensawo-75.com\/de\/wp-json\/wp\/v2\/comments?post=497"}],"version-history":[{"count":1,"href":"https:\/\/kensawo-75.com\/de\/wp-json\/wp\/v2\/pages\/497\/revisions"}],"predecessor-version":[{"id":498,"href":"https:\/\/kensawo-75.com\/de\/wp-json\/wp\/v2\/pages\/497\/revisions\/498"}],"wp:attachment":[{"href":"https:\/\/kensawo-75.com\/de\/wp-json\/wp\/v2\/media?parent=497"}],"curies":[{"name":"wp","href":"https:\/\/api.w.org\/{rel}","templated":true}]}}