{"id":484,"date":"2025-06-26T06:42:37","date_gmt":"2025-06-26T06:42:37","guid":{"rendered":"https:\/\/kensawo75.com\/datenschutzrichtlinie\/"},"modified":"2025-12-16T11:24:44","modified_gmt":"2025-12-16T11:24:44","slug":"datenschutzrichtlinie","status":"publish","type":"page","link":"https:\/\/kensawo-75.com\/de\/datenschutzrichtlinie\/","title":{"rendered":"Datenschutzrichtlinie"},"content":{"rendered":"\t\t<div data-elementor-type=\"wp-page\" data-elementor-id=\"484\" class=\"elementor elementor-484 elementor-367\">\n\t\t\t\t<div class=\"elementor-element elementor-element-5627c93 e-flex e-con-boxed e-con e-parent\" data-id=\"5627c93\" data-element_type=\"container\" data-settings=\"{&quot;jet_parallax_layout_list&quot;:[]}\">\n\t\t\t\t\t<div class=\"e-con-inner\">\n\t\t\t\t<div class=\"elementor-element elementor-element-abd58c8 elementor-widget elementor-widget-heading\" data-id=\"abd58c8\" data-element_type=\"widget\" data-widget_type=\"heading.default\">\n\t\t\t\t<div class=\"elementor-widget-container\">\n\t\t\t\t\t<h1 class=\"elementor-heading-title elementor-size-default\">Datenschutzrichtlinie<\/h1>\t\t\t\t<\/div>\n\t\t\t\t<\/div>\n\t\t\t\t<div class=\"elementor-element elementor-element-7e0a770 elementor-widget elementor-widget-text-editor\" data-id=\"7e0a770\" data-element_type=\"widget\" data-widget_type=\"text-editor.default\">\n\t\t\t\t<div class=\"elementor-widget-container\">\n\t\t\t\t\t\t\t\t\t<p>Kensawo 75 Enterprise informiert Sie \u00fcber seine Datenschutzrichtlinie bez\u00fcglich der Verarbeitung und des Schutzes personenbezogener Daten von Nutzern und Kunden, die beim Browsen oder bei der Inanspruchnahme von Dienstleistungen \u00fcber die Website info@kensawo75.com erfasst werden k\u00f6nnen.<\/p><p>In diesem Zusammenhang garantiert der Eigent\u00fcmer die Einhaltung der geltenden Vorschriften zum Schutz personenbezogener Daten, die im Organgesetz 3\/2018 vom 5. Dezember \u00fcber den Schutz personenbezogener Daten und die Gew\u00e4hrleistung digitaler Rechte (LOPD GDD) enthalten sind. Es entspricht auch der Verordnung (EU) 2016\/679 des Europ\u00e4ischen Parlaments und des Rates vom 27. April 2016 zum Schutz nat\u00fcrlicher Personen (DSGVO).<\/p><p>Die Nutzung der Website setzt die Akzeptanz dieser Datenschutzrichtlinie sowie der im Impressum enthaltenen Bedingungen voraus.<\/p><p>Identit\u00e4t des Datenverantwortlichen<br \/>Inhaber: Kensawo 75<br \/>Adresse: C\/ Grup Sant Pau, 58 43850 &#8211; (Cambrils) &#8211; Tarragona<br \/>E-Mail: info@kensawo75.com<br \/>Website: kensawo75.com<\/p><p>Grunds\u00e4tze f\u00fcr die Datenverarbeitung<br \/>Bei der Verarbeitung Ihrer personenbezogenen Daten wendet der Eigent\u00fcmer die folgenden Grunds\u00e4tze an, die den Anforderungen der neuen europ\u00e4ischen Datenschutzverordnung entsprechen:<\/p><p>Grundsatz der Rechtm\u00e4\u00dfigkeit, Loyalit\u00e4t und Transparenz: Der Eigent\u00fcmer wird stets eine Einwilligung zur Verarbeitung Ihrer personenbezogenen Daten einholen, die f\u00fcr einen oder mehrere bestimmte Zwecke erfolgen kann, \u00fcber die er Sie im Voraus mit absoluter Transparenz informiert.<br \/>Grundsatz der Datenminimierung: Der Eigent\u00fcmer wird nur die Daten anfordern, die f\u00fcr den Zweck oder die Zwecke, f\u00fcr die sie angefordert werden, unbedingt erforderlich sind.<br \/>Grundsatz der Beschr\u00e4nkung der Aufbewahrungsdauer: Die Daten werden nur so lange aufbewahrt, wie es f\u00fcr den Zweck oder die Zwecke der Verarbeitung unbedingt erforderlich ist. Der Eigent\u00fcmer wird Sie \u00fcber die entsprechende Aufbewahrungsfrist je nach Zweck informieren. Im Falle von Abonnements wird der Eigent\u00fcmer die Listen regelm\u00e4\u00dfig \u00fcberpr\u00fcfen und alle Datens\u00e4tze l\u00f6schen, die \u00fcber einen l\u00e4ngeren Zeitraum inaktiv waren.<br \/>Grundsatz der Integrit\u00e4t und Vertraulichkeit: Ihre Daten werden so behandelt, dass ihre Sicherheit, Vertraulichkeit und Integrit\u00e4t gew\u00e4hrleistet sind. Sie sollten wissen, dass der Eigent\u00fcmer die notwendigen Vorkehrungen trifft, um unbefugten Zugriff oder Missbrauch der Daten seiner Nutzer durch Dritte zu verhindern.<\/p><p>Erhebung personenbezogener Daten<br \/>Um info@kensawo75.com zu besuchen, m\u00fcssen Sie keine personenbezogenen Daten angeben. Die F\u00e4lle, in denen Sie Ihre personenbezogenen Daten angeben, sind die folgenden:<\/p><p>Wenn Sie uns \u00fcber die Kontaktformulare kontaktieren oder eine E-Mail senden.<\/p><p>Ihre Rechte<br \/>Der Eigent\u00fcmer informiert Sie, dass Sie in Bezug auf Ihre personenbezogenen Daten das Recht haben,:<\/p><p>Zugriff auf die gespeicherten Daten zu beantragen.<\/p><p>Berichtigung oder L\u00f6schung zu beantragen.<\/p><p>Einschr\u00e4nkung der Verarbeitung zu beantragen.<\/p><p>Widerspruch gegen die Verarbeitung einzulegen.<\/p><p>Daten\u00fcbertragbarkeit zu beantragen.<\/p><p>Die Aus\u00fcbung dieser Rechte ist pers\u00f6nlich und muss daher direkt von der betroffenen Person ausge\u00fcbt werden, indem sie diese direkt beim Datenverantwortlichen beantragt. Dies bedeutet, dass jeder Kunde, Abonnent oder Mitarbeiter, der seine Daten zu irgendeinem Zeitpunkt angegeben hat, den Datenverantwortlichen kontaktieren und Informationen \u00fcber die gespeicherten Daten und deren Erhebung anfordern, die Berichtigung dieser Daten beantragen, die \u00dcbertragbarkeit seiner personenbezogenen Daten beantragen, Widerspruch gegen die Verarbeitung einlegen, deren Nutzung einschr\u00e4nken oder die L\u00f6schung dieser Daten aus den Dateien des Datenverantwortlichen beantragen kann.<\/p><p>Um Ihre Rechte auf Zugang, Berichtigung, L\u00f6schung, \u00dcbertragbarkeit und Widerspruch auszu\u00fcben, m\u00fcssen Sie eine E-Mail an info@kensawo75.com zusammen mit einem rechtsg\u00fcltigen Nachweis wie einer Fotokopie Ihres Personalausweises (DNI) oder eines gleichwertigen Dokuments senden.<\/p><p>Sie haben das Recht auf einen wirksamen gerichtlichen Rechtsschutz und auf die Einreichung einer Beschwerde bei der Aufsichtsbeh\u00f6rde, in diesem Fall der spanischen Datenschutzbeh\u00f6rde, wenn Sie der Ansicht sind, dass die Verarbeitung Ihrer personenbezogenen Daten gegen die Verordnung verst\u00f6\u00dft.<\/p><p>Zweck der Verarbeitung personenbezogener Daten<br \/>Wenn Sie sich mit der Website verbinden, um eine E-Mail an den Eigent\u00fcmer zu senden, den Newsletter zu abonnieren oder einen Kauf zu t\u00e4tigen, stellen Sie personenbezogene Daten zur Verf\u00fcgung, f\u00fcr die der Eigent\u00fcmer verantwortlich ist. Diese Informationen k\u00f6nnen personenbezogene Daten wie Ihre IP-Adresse, Vor- und Nachname, physische Adresse, E-Mail-Adresse, Telefonnummer und andere Informationen umfassen. Durch die Bereitstellung dieser Informationen stimmen Sie der Erhebung, Nutzung, Verwaltung und Speicherung Ihrer Informationen durch info@kensawo75.com nur wie in den rechtlichen Hinweisen und dieser Datenschutzrichtlinie beschrieben zu.<\/p><p>Die personenbezogenen Daten und der Zweck der Verarbeitung durch den Eigent\u00fcmer variieren je nach Informationserfassungssystem:<\/p><p>Kontaktformulare: Der Eigent\u00fcmer fordert personenbezogene Daten an, die Folgendes umfassen k\u00f6nnen: Vor- und Nachname, E-Mail-Adresse, Telefonnummer und Adresse. Abschnitt Ihrer Website, um auf Ihre Anfragen zu antworten. Beispielsweise verwendet der Eigent\u00fcmer diese Daten, um auf Ihre Nachrichten, Fragen, Beschwerden, Kommentare oder Bedenken zu antworten, die Sie bez\u00fcglich der auf der Website enthaltenen Informationen, der \u00fcber die Website bereitgestellten Dienste, der Verarbeitung Ihrer personenbezogenen Daten, Fragen zu den auf der Website enthaltenen Rechtstexten sowie aller anderen Fragen haben, die nicht den Bedingungen der Website oder des Vertrags unterliegen.<\/p><p>Formulare zur Inhaltsabonnement: Der Eigent\u00fcmer fordert die folgenden personenbezogenen Daten an: Name und Nachname, E-Mail-Adresse, Telefonnummer und Ihre Website-Adresse, um die Abonnentenliste zu verwalten, Newsletter, Werbeaktionen und Sonderangebote zu versenden. Die Daten, die Sie dem Eigent\u00fcmer zur Verf\u00fcgung stellen, werden auf den Servern von The Rocket Science Group LLC d\/b\/a mit Sitz in den USA (Mailchimp) gespeichert.<\/p><p>Es gibt weitere Zwecke, f\u00fcr die der Eigent\u00fcmer Ihre personenbezogenen Daten verarbeitet:<\/p><p>Um die im Impressum und im geltenden Recht festgelegten Bedingungen einzuhalten. Dies kann die Entwicklung von Tools und Algorithmen umfassen, die dieser Website helfen, die Vertraulichkeit der von ihr erhobenen personenbezogenen Daten zu gew\u00e4hrleisten.<\/p><p>Um die von dieser Website angebotenen Dienste zu unterst\u00fctzen und zu verbessern.<\/p><p>Zur Analyse des Surfverhaltens. Der Eigent\u00fcmer erhebt andere nicht identifizierende Daten, die durch die Verwendung von Cookies erhalten werden, die auf Ihren Computer heruntergeladen werden, wenn Sie die Website besuchen, deren Eigenschaften und Zwecke in der Cookie-Richtlinie detailliert beschrieben sind.<\/p><p>Zur Verwaltung sozialer Medien. Der Eigent\u00fcmer ist in sozialen Medien pr\u00e4sent. Wenn Sie ein Follower in den sozialen Medien des Eigent\u00fcmers werden, unterliegt die Verarbeitung Ihrer personenbezogenen Daten diesem Abschnitt sowie den Nutzungsbedingungen, Datenschutzrichtlinien und Zugangsbestimmungen der jeweils geltenden Social-Media-Plattform, die Sie zuvor akzeptiert haben.<\/p><p>Sie k\u00f6nnen die Datenschutzrichtlinien der wichtigsten sozialen Netzwerke unter diesen Links einsehen:<br \/>L\u00d6SCHEN SIE DIE, DIE SIE NICHT VERWENDEN:<\/p><p>Facebook<\/p><p>Twitter<\/p><p>Instagram<\/p><p>Der Eigent\u00fcmer verarbeitet Ihre personenbezogenen Daten, um seine Pr\u00e4senz im sozialen Netzwerk ordnungsgem\u00e4\u00df zu verwalten, Sie \u00fcber seine Aktivit\u00e4ten, Produkte oder Dienstleistungen zu informieren sowie f\u00fcr jeden anderen Zweck, der durch die Bestimmungen des sozialen Netzwerks zul\u00e4ssig ist.<\/p><p>Unter keinen Umst\u00e4nden wird der Eigent\u00fcmer die Profile von Followern in sozialen Netzwerken verwenden, um individuelle Werbung zu versenden.<\/p><p>Sicherheit personenbezogener Daten<br \/>Um Ihre personenbezogenen Daten zu sch\u00fctzen, trifft der Eigent\u00fcmer alle angemessenen Vorkehrungen und befolgt die besten Branchenpraktiken, um deren Verlust, Missbrauch, unbefugten Zugriff, Offenlegung, \u00c4nderung oder Zerst\u00f6rung zu verhindern.<\/p><p>Die Website wird von Nominalia gehostet. Die Sicherheit Ihrer Daten ist gew\u00e4hrleistet, da alle notwendigen Sicherheitsma\u00dfnahmen getroffen werden. Weitere Informationen finden Sie in der Datenschutzrichtlinie.<\/p><p>Inhalte von anderen Websites<br \/>Seiten auf dieser Website k\u00f6nnen eingebettete Inhalte enthalten (z. B. Videos, Bilder, Artikel usw.). Eingebettete Inhalte von anderen Websites verhalten sich genauso, als ob Sie die andere Website besucht h\u00e4tten.<\/p><p>Diese Websites k\u00f6nnen Daten \u00fcber Sie sammeln, Cookies verwenden, zus\u00e4tzliches Tracking durch Dritte einbetten und Ihre Interaktion mithilfe dieses Codes \u00fcberwachen.<\/p><p>Cookie-Richtlinie<br \/>Damit diese Website ordnungsgem\u00e4\u00df funktioniert, muss sie Cookies verwenden, bei denen es sich um Informationen handelt, die in Ihrem Webbrowser gespeichert werden.<\/p><p>Auf der Seite Cookie-Richtlinie finden Sie alle Informationen bez\u00fcglich der Erhebungsrichtlinie, des Zwecks und der Verarbeitung von Cookies.<\/p><p>Rechtm\u00e4\u00dfigkeit f\u00fcr die Datenverarbeitung<br \/>Die Rechtsgrundlage f\u00fcr die Verarbeitung Ihrer Daten ist die Einwilligung.<\/p><p>Um den Eigent\u00fcmer zu kontaktieren, einen Newsletter zu abonnieren oder Kommentare auf dieser Website zu ver\u00f6ffentlichen, m\u00fcssen Sie diese Datenschutzrichtlinie akzeptieren.<\/p><p>Kategorien personenbezogener Daten<br \/>Die Kategorien personenbezogener Daten, die vom Eigent\u00fcmer verarbeitet werden, sind:<\/p><p>Identifikationsdaten.<\/p><p>Aufbewahrung personenbezogener Daten<br \/>Die personenbezogenen Daten, die Sie dem Datenverantwortlichen zur Verf\u00fcgung stellen, werden so lange aufbewahrt, bis Sie deren L\u00f6schung beantragen.<\/p><p>Empf\u00e4nger personenbezogener Daten<br \/>Mailchimp: The Rocket Science Group LLC d\/b\/a, mit Sitz in den USA. Weitere Informationen finden Sie unter: https:\/\/mailchimp.com<br \/>The Rocket Science Group LLC d\/b\/a verarbeitet die Daten zum Zweck der Bereitstellung ihrer E-Mail-Marketingdienste f\u00fcr den Datenverantwortlichen.<\/p><p>Google Analytics ist ein Webanalysedienst der Google, Inc., einem Unternehmen mit Sitz in Delaware, dessen Hauptsitz sich in 1600 Amphitheatre Parkway, Mountain View (Kalifornien), CA 94043, Vereinigte Staaten (\u201eGoogle\u201c) befindet. Weitere Informationen finden Sie unter: https:\/\/analytics.google.com<br \/>Google Analytics verwendet \u201eCookies\u201c, Textdateien, die auf Ihrem Computer platziert werden, um uns bei der Analyse und Analyse der Daten zu helfen.<\/p>\t\t\t\t\t\t\t\t<\/div>\n\t\t\t\t<\/div>\n\t\t\t\t\t<\/div>\n\t\t\t\t<\/div>\n\t\t\t\t<\/div>\n\t\t","protected":false},"excerpt":{"rendered":"<p>Datenschutzrichtlinie Kensawo 75 Enterprise informiert Sie \u00fcber seine Datenschutzrichtlinie bez\u00fcglich der Verarbeitung und des Schutzes personenbezogener Daten von Nutzern und Kunden, die beim Browsen oder bei der Inanspruchnahme von Dienstleistungen \u00fcber die Website info@kensawo75.com erfasst werden k\u00f6nnen. In diesem Zusammenhang garantiert der Eigent\u00fcmer die Einhaltung der geltenden Vorschriften zum Schutz personenbezogener Daten, die im Organgesetz [&hellip;]<\/p>\n","protected":false},"author":1,"featured_media":0,"parent":0,"menu_order":0,"comment_status":"closed","ping_status":"closed","template":"","meta":{"footnotes":""},"class_list":["post-484","page","type-page","status-publish","hentry"],"_hostinger_reach_plugin_has_subscription_block":false,"_hostinger_reach_plugin_is_elementor":false,"_links":{"self":[{"href":"https:\/\/kensawo-75.com\/de\/wp-json\/wp\/v2\/pages\/484","targetHints":{"allow":["GET"]}}],"collection":[{"href":"https:\/\/kensawo-75.com\/de\/wp-json\/wp\/v2\/pages"}],"about":[{"href":"https:\/\/kensawo-75.com\/de\/wp-json\/wp\/v2\/types\/page"}],"author":[{"embeddable":true,"href":"https:\/\/kensawo-75.com\/de\/wp-json\/wp\/v2\/users\/1"}],"replies":[{"embeddable":true,"href":"https:\/\/kensawo-75.com\/de\/wp-json\/wp\/v2\/comments?post=484"}],"version-history":[{"count":4,"href":"https:\/\/kensawo-75.com\/de\/wp-json\/wp\/v2\/pages\/484\/revisions"}],"predecessor-version":[{"id":653,"href":"https:\/\/kensawo-75.com\/de\/wp-json\/wp\/v2\/pages\/484\/revisions\/653"}],"wp:attachment":[{"href":"https:\/\/kensawo-75.com\/de\/wp-json\/wp\/v2\/media?parent=484"}],"curies":[{"name":"wp","href":"https:\/\/api.w.org\/{rel}","templated":true}]}}