{"id":482,"date":"2025-06-26T06:41:21","date_gmt":"2025-06-26T06:41:21","guid":{"rendered":"https:\/\/kensawo75.com\/cookie-richtlinie\/"},"modified":"2025-11-12T12:37:19","modified_gmt":"2025-11-12T12:37:19","slug":"cookie-richtlinie","status":"publish","type":"page","link":"https:\/\/kensawo-75.com\/de\/cookie-richtlinie\/","title":{"rendered":"Cookie-Richtlinie"},"content":{"rendered":"\t\t<div data-elementor-type=\"wp-page\" data-elementor-id=\"482\" class=\"elementor elementor-482 elementor-362\">\n\t\t\t\t<div class=\"elementor-element elementor-element-00af018 e-flex e-con-boxed e-con e-parent\" data-id=\"00af018\" data-element_type=\"container\" data-settings=\"{&quot;jet_parallax_layout_list&quot;:[]}\">\n\t\t\t\t\t<div class=\"e-con-inner\">\n\t\t\t\t<div class=\"elementor-element elementor-element-d522a0b elementor-widget elementor-widget-heading\" data-id=\"d522a0b\" data-element_type=\"widget\" data-widget_type=\"heading.default\">\n\t\t\t\t<div class=\"elementor-widget-container\">\n\t\t\t\t\t<h1 class=\"elementor-heading-title elementor-size-default\">Cookie-Richtlinie<\/h1>\t\t\t\t<\/div>\n\t\t\t\t<\/div>\n\t\t\t\t<div class=\"elementor-element elementor-element-76292b4 elementor-widget elementor-widget-text-editor\" data-id=\"76292b4\" data-element_type=\"widget\" data-widget_type=\"text-editor.default\">\n\t\t\t\t<div class=\"elementor-widget-container\">\n\t\t\t\t\t\t\t\t\t<p>Diese Website verwendet Cookies<\/p>\n<p>Wir verwenden Cookies, um Inhalte und Anzeigen zu personalisieren, Social-Media-Funktionen anzubieten und den Traffic zu analysieren. Wir teilen auch Informationen \u00fcber Ihre Nutzung unserer Website mit unseren Social-Media-, Werbe- und Analysepartnern, die diese m\u00f6glicherweise mit anderen Informationen kombinieren, die Sie ihnen zur Verf\u00fcgung gestellt haben oder die sie durch Ihre Nutzung ihrer Dienste gesammelt haben. <\/p>\n<p>Cookies sind kleine Textdateien, die Websites verwenden k\u00f6nnen, um die Benutzererfahrung zu verbessern.<\/p>\n<p>Das Gesetz erlaubt uns, Cookies auf Ihrem Ger\u00e4t zu speichern, wenn diese f\u00fcr den Betrieb der Website unbedingt erforderlich sind. F\u00fcr alle anderen Arten von Cookies ben\u00f6tigen wir Ihre Zustimmung. <\/p>\n<p>Diese Website verwendet verschiedene Arten von Cookies. Einige Cookies werden von Drittanbieterdiensten platziert, die auf unseren Seiten erscheinen. <\/p>\n<p>Sie k\u00f6nnen Ihre Zustimmung jederzeit \u00fcber die auf unserer Website verf\u00fcgbare Cookie-Erkl\u00e4rung \u00e4ndern oder widerrufen.<\/p>\n<p>Wenn Sie mehr dar\u00fcber erfahren m\u00f6chten, wer wir sind, wie Sie uns kontaktieren k\u00f6nnen und wie wir personenbezogene Daten verarbeiten, lesen Sie bitte unsere Datenschutzerkl\u00e4rung.<\/p>\n<p>Wenn Sie uns bez\u00fcglich Ihrer Zustimmung kontaktieren, geben Sie bitte die Einwilligungs-ID und das Datum an.<\/p>\n<p>Ihre Zustimmung gilt f\u00fcr die folgende Domain: kensawo75.com<\/p>\n<p>Aktueller Status: Alle zulassen<br>Ihre Einwilligungs-ID: (wird automatisch bei Annahme generiert)<br>Datum der Zustimmung: (wird automatisch protokolliert)<\/p>\n<p>Sie k\u00f6nnen Ihre Zustimmung jederzeit \u00e4ndern oder widerrufen.<\/p>\n<p>Diese Cookie-Erkl\u00e4rung wurde zuletzt am 5. Juli 2023 von Cookiebot aktualisiert.<\/p>\n<p>Notwendige Cookies<br>Diese Cookies sind f\u00fcr die grundlegende Funktion der Website unerl\u00e4sslich. Sie erm\u00f6glichen die Navigation, den Zugang zu sicheren Bereichen und die Stabilit\u00e4t des Dienstes. Ohne sie kann die Website nicht richtig funktionieren. Dazu geh\u00f6ren Cookies, die die Traffic-Verteilung zwischen Servern verwalten, die Benutzerzustimmung speichern und die ordnungsgem\u00e4\u00dfe Funktion des Echtzeit-Webeditors gew\u00e4hrleisten.   <\/p>\n<p>Statistik-Cookies<br>Diese Cookies helfen uns zu verstehen, wie Besucher mit der Website interagieren, indem sie Informationen anonym sammeln. Diese Cookies erm\u00f6glichen es uns zu erfahren, wie oft eine Person die Website besucht hat, wann sie zum ersten und letzten Mal besucht wurde und von welchen Ger\u00e4ten oder Kan\u00e4len aus auf die Website zugegriffen wird. Google Analytics ist der Hauptanbieter dieser Cookies.  <\/p>\n<p>Marketing-Cookies<br>Diese Cookies verfolgen das Nutzerverhalten, um personalisierte und relevante Anzeigen anzuzeigen. Sie sind f\u00fcr Werbetreibende n\u00fctzlich, um ansprechendere Inhalte basierend auf den Interessen des Nutzers anzubieten. Auf dieser Website werden diese Cookies von Google verwaltet.  <\/p>\t\t\t\t\t\t\t\t<\/div>\n\t\t\t\t<\/div>\n\t\t\t\t\t<\/div>\n\t\t\t\t<\/div>\n\t\t\t\t<\/div>\n\t\t","protected":false},"excerpt":{"rendered":"<p>Cookie-Richtlinie Diese Website verwendet Cookies Wir verwenden Cookies, um Inhalte und Anzeigen zu personalisieren, Social-Media-Funktionen anzubieten und den Traffic zu analysieren. Wir teilen auch Informationen \u00fcber Ihre Nutzung unserer Website mit unseren Social-Media-, Werbe- und Analysepartnern, die diese m\u00f6glicherweise mit anderen Informationen kombinieren, die Sie ihnen zur Verf\u00fcgung gestellt haben oder die sie durch Ihre [&hellip;]<\/p>\n","protected":false},"author":1,"featured_media":0,"parent":0,"menu_order":0,"comment_status":"closed","ping_status":"closed","template":"","meta":{"footnotes":""},"class_list":["post-482","page","type-page","status-publish","hentry"],"_links":{"self":[{"href":"https:\/\/kensawo-75.com\/de\/wp-json\/wp\/v2\/pages\/482","targetHints":{"allow":["GET"]}}],"collection":[{"href":"https:\/\/kensawo-75.com\/de\/wp-json\/wp\/v2\/pages"}],"about":[{"href":"https:\/\/kensawo-75.com\/de\/wp-json\/wp\/v2\/types\/page"}],"author":[{"embeddable":true,"href":"https:\/\/kensawo-75.com\/de\/wp-json\/wp\/v2\/users\/1"}],"replies":[{"embeddable":true,"href":"https:\/\/kensawo-75.com\/de\/wp-json\/wp\/v2\/comments?post=482"}],"version-history":[{"count":4,"href":"https:\/\/kensawo-75.com\/de\/wp-json\/wp\/v2\/pages\/482\/revisions"}],"predecessor-version":[{"id":613,"href":"https:\/\/kensawo-75.com\/de\/wp-json\/wp\/v2\/pages\/482\/revisions\/613"}],"wp:attachment":[{"href":"https:\/\/kensawo-75.com\/de\/wp-json\/wp\/v2\/media?parent=482"}],"curies":[{"name":"wp","href":"https:\/\/api.w.org\/{rel}","templated":true}]}}