{"id":478,"date":"2025-06-26T06:39:53","date_gmt":"2025-06-26T06:39:53","guid":{"rendered":"https:\/\/kensawo75.com\/erklaerung-zur-barrierefreiheit\/"},"modified":"2025-12-16T11:25:04","modified_gmt":"2025-12-16T11:25:04","slug":"erklaerung-zur-barrierefreiheit","status":"publish","type":"page","link":"https:\/\/kensawo-75.com\/de\/erklaerung-zur-barrierefreiheit\/","title":{"rendered":"Erkl\u00e4rung zur Barrierefreiheit"},"content":{"rendered":"\t\t<div data-elementor-type=\"wp-page\" data-elementor-id=\"478\" class=\"elementor elementor-478 elementor-357\">\n\t\t\t\t<div class=\"elementor-element elementor-element-aadbbbf e-flex e-con-boxed e-con e-parent\" data-id=\"aadbbbf\" data-element_type=\"container\" data-settings=\"{&quot;jet_parallax_layout_list&quot;:[]}\">\n\t\t\t\t\t<div class=\"e-con-inner\">\n\t\t\t\t<div class=\"elementor-element elementor-element-9c59090 elementor-widget elementor-widget-heading\" data-id=\"9c59090\" data-element_type=\"widget\" data-widget_type=\"heading.default\">\n\t\t\t\t<div class=\"elementor-widget-container\">\n\t\t\t\t\t<h1 class=\"elementor-heading-title elementor-size-default\">Erkl\u00e4rung zur Barrierefreiheit<\/h1>\t\t\t\t<\/div>\n\t\t\t\t<\/div>\n\t\t\t\t<div class=\"elementor-element elementor-element-10629c4 elementor-widget elementor-widget-text-editor\" data-id=\"10629c4\" data-element_type=\"widget\" data-widget_type=\"text-editor.default\">\n\t\t\t\t<div class=\"elementor-widget-container\">\n\t\t\t\t\t\t\t\t\t<p>Bei Kensawo75 verpflichten wir uns, allen unseren Kunden einen gleichwertigen Service zu bieten. Um einen gleichberechtigten Zugang zu allen auf unserer Website verf\u00fcgbaren Diensten zu gew\u00e4hrleisten, haben wir die folgenden Ma\u00dfnahmen ergriffen:<\/p><p>Wir verwenden auf der gesamten Website die Schriftart Urbane f\u00fcr eine bessere Lesbarkeit. Ausnahmen gelten f\u00fcr L\u00e4nder, die spezifische Unicode-Schriftarten erfordern, wie China, Japan, Russland, Taiwan und Korea.<\/p><p>Wann immer m\u00f6glich, verwenden wir Live-Text anstelle von Grafiken, um Ladezeiten zu reduzieren und die Kontrolle \u00fcber Inhalte zu verbessern.<\/p><p>Links, die sich in einem neuen Tab oder Fenster \u00f6ffnen, sind entsprechend gekennzeichnet und verf\u00fcgen \u00fcber das HTML-Attribut \u201etitle\u201c, um den Benutzer zu informieren.<\/p><p>Unsere Website ist responsiv gestaltet und erm\u00f6glicht den Zugriff von Mobiltelefonen, Laptops und Desktop-Computern.<\/p><p>Alle Bilder verf\u00fcgen, wo m\u00f6glich, \u00fcber Alt-Text. Wenn ein Bild relevante Informationen enth\u00e4lt, wird dies in diesem Text beschrieben. Ist das Bild lediglich dekorativ, wird kein Alt-Text zugewiesen.<\/p><p>Nicht alle unsere PDFs sind f\u00fcr Barrierefreiheit gekennzeichnet, aber wir arbeiten aktiv daran, dass die aktuellsten Dokumente dies sind. Sollten Sie Zugang zu einem nicht gekennzeichneten PDF ben\u00f6tigen, k\u00f6nnen Sie uns kontaktieren und wir senden Ihnen eine barrierefreie Version zu.<\/p><p>In F\u00e4llen, in denen bestimmte Inhalte nicht den grundlegenden Techniken der Web Content Accessibility Guidelines (WCAG) entsprechen, stellen wir sicher, dass Alternativen bereitgestellt werden, um die Zug\u00e4nglichkeit der Informationen zu gew\u00e4hrleisten.<\/p><p>Wir f\u00fcgen auf jeder Seite einen Link zu unseren Kontaktinformationen ein, damit jeder uns auf Wunsch auch \u00fcber nicht-internetbasierte Wege kontaktieren kann.<\/p><p>Wir pflegen ein konsistentes Navigationsmodell auf der gesamten Website. Obwohl es geringf\u00fcgige Unterschiede zwischen Subdomains geben kann, ist die Hauptstruktur einheitlich.<\/p><p>Wir bem\u00fchen uns, die grundlegenden Techniken der WCAG einzuhalten. Insbesondere arbeiten wir daran, die Empfehlungen der Priorit\u00e4t 1 und, wo m\u00f6glich, auch die Empfehlungen der Priorit\u00e4t 2 umzusetzen. Obwohl Priorit\u00e4t 3 noch nicht vollst\u00e4ndig umgesetzt ist, ber\u00fccksichtigen wir diese Richtlinien f\u00fcr zuk\u00fcnftige Verbesserungen der Website.<\/p><p>Wir verpflichten uns zur kontinuierlichen Verbesserung. Wir entwickeln unsere Inhalte weiterhin im Einklang mit den oben genannten Barrierefreiheitsprinzipien.<\/p><p>Sollten Sie Schwierigkeiten beim Zugriff auf unsere Website haben oder Vorschl\u00e4ge zur Verbesserung der Benutzererfahrung machen k\u00f6nnen, z\u00f6gern Sie bitte nicht, uns zu kontaktieren. Wir freuen uns darauf, von Ihnen zu h\u00f6ren.<\/p>\t\t\t\t\t\t\t\t<\/div>\n\t\t\t\t<\/div>\n\t\t\t\t\t<\/div>\n\t\t\t\t<\/div>\n\t\t\t\t<\/div>\n\t\t","protected":false},"excerpt":{"rendered":"<p>Erkl\u00e4rung zur Barrierefreiheit Bei Kensawo75 verpflichten wir uns, allen unseren Kunden einen gleichwertigen Service zu bieten. Um einen gleichberechtigten Zugang zu allen auf unserer Website verf\u00fcgbaren Diensten zu gew\u00e4hrleisten, haben wir die folgenden Ma\u00dfnahmen ergriffen: Wir verwenden auf der gesamten Website die Schriftart Urbane f\u00fcr eine bessere Lesbarkeit. Ausnahmen gelten f\u00fcr L\u00e4nder, die spezifische Unicode-Schriftarten [&hellip;]<\/p>\n","protected":false},"author":1,"featured_media":0,"parent":0,"menu_order":0,"comment_status":"closed","ping_status":"closed","template":"","meta":{"footnotes":""},"class_list":["post-478","page","type-page","status-publish","hentry"],"_links":{"self":[{"href":"https:\/\/kensawo-75.com\/de\/wp-json\/wp\/v2\/pages\/478","targetHints":{"allow":["GET"]}}],"collection":[{"href":"https:\/\/kensawo-75.com\/de\/wp-json\/wp\/v2\/pages"}],"about":[{"href":"https:\/\/kensawo-75.com\/de\/wp-json\/wp\/v2\/types\/page"}],"author":[{"embeddable":true,"href":"https:\/\/kensawo-75.com\/de\/wp-json\/wp\/v2\/users\/1"}],"replies":[{"embeddable":true,"href":"https:\/\/kensawo-75.com\/de\/wp-json\/wp\/v2\/comments?post=478"}],"version-history":[{"count":10,"href":"https:\/\/kensawo-75.com\/de\/wp-json\/wp\/v2\/pages\/478\/revisions"}],"predecessor-version":[{"id":656,"href":"https:\/\/kensawo-75.com\/de\/wp-json\/wp\/v2\/pages\/478\/revisions\/656"}],"wp:attachment":[{"href":"https:\/\/kensawo-75.com\/de\/wp-json\/wp\/v2\/media?parent=478"}],"curies":[{"name":"wp","href":"https:\/\/api.w.org\/{rel}","templated":true}]}}